{"id":17,"date":"2020-04-24T07:29:00","date_gmt":"2020-04-24T07:29:00","guid":{"rendered":"http:\/\/1design1.com\/?page_id=2"},"modified":"2026-03-01T19:50:14","modified_gmt":"2026-03-01T18:50:14","slug":"welcome","status":"publish","type":"page","link":"https:\/\/www.1design1.com\/","title":{"rendered":"V\u00e4lkommen till 1DESIGN1"},"content":{"rendered":"\n\n<h1>1design1 webb design och webbserver.<\/h1>\n<p>F\u00f6rmedling av:<br \/>\u2022 Prisbel\u00f6nt webbdesign.<br \/>\u2022 WordPress, databaser, fastigheter.<br \/>\u2022 Responsiv, mobilv\u00e4nlig, google godk\u00e4nd.<br \/>\u2022 Design p\u00e5 engelska, spanska, franska, tyska, holl\u00e4ndska, svenska, danska och norska med hj\u00e4lp av professionella \u00f6vers\u00e4ttare.<br \/>\u2022 Vi inkluderar design, planering, e-post och reklam enligt specifikation.<br \/>\u2022 Topplaceringar i s\u00f6kmotorer.<br \/>\u2022 Webbaserade databaser f\u00f6r fastigheter, uthyrning, e-butiker.<br \/>\u2022 Design av annonser, visitkort, logotyper mm.<\/p>\n<h2><a href=\"https:\/\/solutize.se\/\" target=\"_blank\" rel=\"noopener\">Solutize.se<\/a><\/h2>\n<p><img loading=\"lazy\" decoding=\"async\" class=\"alignnone  wp-image-464\" src=\"https:\/\/www.1design1.com\/wp-content\/uploads\/2024\/06\/Web-Design-300x160.jpg\" alt=\"\" width=\"495\" height=\"264\" srcset=\"https:\/\/www.1design1.com\/wp-content\/uploads\/2024\/06\/Web-Design-300x160.jpg 300w, https:\/\/www.1design1.com\/wp-content\/uploads\/2024\/06\/Web-Design-768x410.jpg 768w, https:\/\/www.1design1.com\/wp-content\/uploads\/2024\/06\/Web-Design.jpg 1024w\" sizes=\"(max-width: 495px) 100vw, 495px\" \/><\/p>\n<p><span class=\"design1\">Copyright 1995 &#8211; 2029 \u00a9 1design1.com<\/span><\/p>\n<p><a href=\"https:\/\/www.sunseacasa.com\/\" target=\"_blank\" rel=\"noopener\">Vill du flytta till Spanien?<\/a><br \/><br \/><a href=\"https:\/\/www.bruza.se\/\" target=\"_blank\" rel=\"noreferrer noopener\">Hyra hus i Sm\u00e5land, bes\u00f6ka Astrid Lindgrens Vimmerby?<\/a><br \/><br \/><\/p>\n\n\n<p><a href=\"https:\/\/solutize.se\/\" target=\"_blank\" rel=\"noreferrer noopener\">Allt du vill veta om AI, hela AI-listan!<\/a><br><\/p>\n\n\n\n<p><\/p>\n","protected":false},"excerpt":{"rendered":"<p>1design1 webb design och webbserver. F\u00f6rmedling av:\u2022 Prisbel\u00f6nt webbdesign.\u2022 WordPress, databaser, fastigheter.\u2022 Responsiv, mobilv\u00e4nlig, google godk\u00e4nd.\u2022 Design p\u00e5 engelska, spanska, franska, tyska, holl\u00e4ndska, svenska, danska och norska med hj\u00e4lp av professionella \u00f6vers\u00e4ttare.\u2022 Vi inkluderar design, planering, e-post och reklam enligt specifikation.\u2022 Topplaceringar i s\u00f6kmotorer.\u2022 Webbaserade databaser f\u00f6r fastigheter, uthyrning, e-butiker.\u2022 Design av annonser, visitkort, logotyper [&hellip;]<\/p>\n","protected":false},"author":1,"featured_media":0,"parent":0,"menu_order":0,"comment_status":"closed","ping_status":"open","template":"","meta":{"saved_in_kubio":true,"footnotes":""},"class_list":["post-17","page","type-page","status-publish","hentry"],"kubio_ai_page_context":{"short_desc":"","purpose":"general"},"_links":{"self":[{"href":"https:\/\/www.1design1.com\/index.php?rest_route=\/wp\/v2\/pages\/17","targetHints":{"allow":["GET"]}}],"collection":[{"href":"https:\/\/www.1design1.com\/index.php?rest_route=\/wp\/v2\/pages"}],"about":[{"href":"https:\/\/www.1design1.com\/index.php?rest_route=\/wp\/v2\/types\/page"}],"author":[{"embeddable":true,"href":"https:\/\/www.1design1.com\/index.php?rest_route=\/wp\/v2\/users\/1"}],"replies":[{"embeddable":true,"href":"https:\/\/www.1design1.com\/index.php?rest_route=%2Fwp%2Fv2%2Fcomments&post=17"}],"version-history":[{"count":9,"href":"https:\/\/www.1design1.com\/index.php?rest_route=\/wp\/v2\/pages\/17\/revisions"}],"predecessor-version":[{"id":582,"href":"https:\/\/www.1design1.com\/index.php?rest_route=\/wp\/v2\/pages\/17\/revisions\/582"}],"wp:attachment":[{"href":"https:\/\/www.1design1.com\/index.php?rest_route=%2Fwp%2Fv2%2Fmedia&parent=17"}],"curies":[{"name":"wp","href":"https:\/\/api.w.org\/{rel}","templated":true}]}}